{"id":11,"date":"2020-12-04T11:21:59","date_gmt":"2020-12-04T11:21:59","guid":{"rendered":"http:\/\/www.fenomen40.eu\/?page_id=11"},"modified":"2021-06-29T08:59:02","modified_gmt":"2021-06-29T08:59:02","slug":"konference","status":"publish","type":"page","link":"https:\/\/www.fenomen40.eu\/","title":{"rendered":"Konference"},"content":{"rendered":"<p>[et_pb_section fb_built=&#8220;1&#8243; custom_padding_last_edited=&#8220;off|desktop&#8220; admin_label=&#8220;Hero&#8220; _builder_version=&#8220;4.7.7&#8243; background_color=&#8220;#000000&#8243; background_color_gradient_direction=&#8220;158deg&#8220; custom_margin=&#8220;|||&#8220; custom_padding=&#8220;100px||100px|&#8220; custom_padding_tablet=&#8220;130px||130px|&#8220; border_radii=&#8220;on|25px|25px|25px|25px&#8220;][et_pb_row _builder_version=&#8220;4.9.2&#8243; background_size=&#8220;initial&#8220; background_position=&#8220;top_left&#8220; background_repeat=&#8220;repeat&#8220; custom_margin=&#8220;|||&#8220;][et_pb_column type=&#8220;4_4&#8243; _builder_version=&#8220;3.25&#8243; custom_padding=&#8220;|||&#8220; custom_padding__hover=&#8220;|||&#8220;][et_pb_text _builder_version=&#8220;4.7.7&#8243; text_font=&#8220;Roboto||||||||&#8220; header_font=&#8220;Merriweather|700|||||||&#8220; header_font_size=&#8220;46px&#8220; header_line_height=&#8220;1.3em&#8220; background_enable_color=&#8220;off&#8220; text_orientation=&#8220;center&#8220; max_width=&#8220;785px&#8220; module_alignment=&#8220;center&#8220; custom_margin=&#8220;|69px|0px|||&#8220; animation_style=&#8220;flip&#8220; animation_direction=&#8220;top&#8220;]<\/p>\n<h1>Prom\u011bna role vysok\u00e9 \u0161koly a inovace studijn\u00edch program\u016f v r\u00e1mci fenom\u00e9nu 4.0. v oblastech strojn\u00edch, pedagogick\u00fdch a zdravotnick\u00fdch.- web konference projektu TA\u010cR \u00c9TA<\/h1>\n<p>[\/et_pb_text][et_pb_divider color=&#8220;#e02b20&#8243; divider_position=&#8220;center&#8220; divider_weight=&#8220;2px&#8220; _builder_version=&#8220;4.7.7&#8243; max_width=&#8220;90px&#8220; max_width_tablet=&#8220;12%&#8220; max_width_last_edited=&#8220;off|desktop&#8220; module_alignment=&#8220;center&#8220; custom_margin=&#8220;|||&#8220; animation_style=&#8220;flip&#8220; animation_delay=&#8220;50ms&#8220;][\/et_pb_divider][\/et_pb_column][\/et_pb_row][\/et_pb_section][et_pb_section fb_built=&#8220;1&#8243; admin_label=&#8220;Sponsors&#8220; _builder_version=&#8220;4.7.7&#8243; custom_padding=&#8220;100px|0px|100px|0px&#8220; animation_style=&#8220;zoom&#8220; border_radii=&#8220;on|25px|25px|25px|25px&#8220;][et_pb_row _builder_version=&#8220;4.7.7&#8243; custom_margin=&#8220;|||&#8220; custom_padding=&#8220;|||&#8220; border_radii=&#8220;on|25px|25px|25px|25px&#8220;][et_pb_column type=&#8220;4_4&#8243; _builder_version=&#8220;3.25&#8243; custom_padding=&#8220;|||&#8220; custom_padding__hover=&#8220;|||&#8220;][et_pb_blog fullwidth=&#8220;off&#8220; posts_number=&#8220;25&#8243; include_categories=&#8220;2,all&#8220; show_author=&#8220;off&#8220; show_date=&#8220;off&#8220; show_categories=&#8220;off&#8220; masonry_tile_background_color=&#8220;#ffffff&#8220; _builder_version=&#8220;4.8.2&#8243; _module_preset=&#8220;default&#8220; header_font=&#8220;Roboto||||||||&#8220; header_text_color=&#8220;#e02b20&#8243; body_font=&#8220;Roboto||||||||&#8220; body_text_color=&#8220;#e02b20&#8243; meta_font=&#8220;Roboto||||||||&#8220; meta_text_color=&#8220;#ffffff&#8220; read_more_font=&#8220;Roboto||||||||&#8220; read_more_text_color=&#8220;#e02b20&#8243; pagination_font=&#8220;Roboto||||||||&#8220; pagination_text_color=&#8220;#e02b20&#8243; background_enable_color=&#8220;off&#8220; border_radii=&#8220;on|20px|20px|20px|20px&#8220;][\/et_pb_blog][\/et_pb_column][\/et_pb_row][\/et_pb_section]<\/p>\n","protected":false},"excerpt":{"rendered":"<p>Prom\u011bna role vysok\u00e9 \u0161koly a inovace studijn\u00edch program\u016f v r\u00e1mci fenom\u00e9nu 4.0. v oblastech strojn\u00edch, pedagogick\u00fdch a zdravotnick\u00fdch.- web konference projektu TA\u010cR \u00c9TA<\/p>\n","protected":false},"author":1,"featured_media":0,"parent":0,"menu_order":0,"comment_status":"closed","ping_status":"closed","template":"","meta":{"_et_pb_use_builder":"on","_et_pb_old_content":"","_et_gb_content_width":"","footnotes":""},"class_list":["post-11","page","type-page","status-publish","hentry"],"_links":{"self":[{"href":"https:\/\/www.fenomen40.eu\/index.php\/wp-json\/wp\/v2\/pages\/11","targetHints":{"allow":["GET"]}}],"collection":[{"href":"https:\/\/www.fenomen40.eu\/index.php\/wp-json\/wp\/v2\/pages"}],"about":[{"href":"https:\/\/www.fenomen40.eu\/index.php\/wp-json\/wp\/v2\/types\/page"}],"author":[{"embeddable":true,"href":"https:\/\/www.fenomen40.eu\/index.php\/wp-json\/wp\/v2\/users\/1"}],"replies":[{"embeddable":true,"href":"https:\/\/www.fenomen40.eu\/index.php\/wp-json\/wp\/v2\/comments?post=11"}],"version-history":[{"count":32,"href":"https:\/\/www.fenomen40.eu\/index.php\/wp-json\/wp\/v2\/pages\/11\/revisions"}],"predecessor-version":[{"id":481,"href":"https:\/\/www.fenomen40.eu\/index.php\/wp-json\/wp\/v2\/pages\/11\/revisions\/481"}],"wp:attachment":[{"href":"https:\/\/www.fenomen40.eu\/index.php\/wp-json\/wp\/v2\/media?parent=11"}],"curies":[{"name":"wp","href":"https:\/\/api.w.org\/{rel}","templated":true}]}}